{"id":6874,"date":"2025-11-03T10:53:32","date_gmt":"2025-11-03T09:53:32","guid":{"rendered":"https:\/\/karmajoga.pl\/zapisy\/?post_type=product&#038;p=6874"},"modified":"2026-03-26T08:48:52","modified_gmt":"2026-03-26T07:48:52","slug":"majowy-weekend-z-joga","status":"publish","type":"product","link":"https:\/\/karmajoga.pl\/zapisy\/produkt\/majowy-weekend-z-joga\/","title":{"rendered":"Z\u0142ap oddech-majowy weekend z jog\u0105."},"content":{"rendered":"<p><strong>\ud83d\udd34\u00a0TERMIN<\/strong><br \/>\n8-10 maja 2026<br \/>\n<strong>\ud83d\udd34\u00a0PLAN WYJAZDU<\/strong><br \/>\n<strong>\u27a1<\/strong>PI\u0104TEK<br \/>\n17.00-18.00 przyjazd<br \/>\n18.00-19.00 kolacja<br \/>\n19.30-20.00 spotkanie organizacyjne<br \/>\n20.00-21.30 praktyka po podr\u00f3\u017cy<br \/>\n<strong>\u27a1\u00a0<\/strong>SOBOTA<br \/>\n07.30-08.15 poranny rozruch (spacer lub poranny rozruch)<br \/>\n08.30-09.30 \u015bniadanie<br \/>\n10.00-12.15 praktyka<br \/>\n12.30-13.30 obiad<br \/>\n13.30-16.30 czas wolny<br \/>\n16.30-18.30 praktyka<br \/>\n18.30-19.30 kolacja<br \/>\n20.00-20.30 medytacja<br \/>\n\u27a1 NIEDZIELA<br \/>\n07.30-08.15 poranny rozruch (spacer lub poranny rozruch)<br \/>\n08.30-09.30 \u015bniadanie<br \/>\n10.00-12.15 praktyka<br \/>\n12.15-12.30 zako\u0144czenie<br \/>\n12.30-13.30 obiad<br \/>\n<strong>\ud83d\udd34\u00a0MIEJSCE<\/strong><br \/>\nDom Przebudze\u0144<br \/>\n43-353 Por\u0105bka, ul. Brzeziny 16A<br \/>\n<strong>\ud83d\udd34\u00a0CENA<br \/>\n<\/strong>1290 z\u0142 (przy zapisie do 28 lutego 2026)<br \/>\n1390 z\u0142 (przy zapisie po 28 lutego 2026)<br \/>\n<strong>\ud83d\udd34\u00a0ZAPISY<\/strong><br \/>\n<strong>Form\u0105 zapisu jest dokonanie pierwszej wp\u0142aty w wysoko\u015bci 290 z\u0142<\/strong> za po\u015brednictwem tej strony. Dodaj produkt do koszyka i post\u0119puj zgodnie z instrukcjami. Reszt\u0119 kwoty op\u0142acasz pierwszego dnia wydarzenia.<br \/>\n* Pierwsza wp\u0142ata jest zwrotna do 30 dni przed wydarzeniem.<br \/>\n* Rezygnacja z wydarzenia dzie\u0144 przed lub w dniu warsztatu\/wyjazdu wi\u0105\u017ce si\u0119 z pokryciem pe\u0142nej kwoty za wydarzenie.<br \/>\n* Je\u015bli chcesz otrzyma\u0107 faktur\u0119 zostaw komentarz z danymi.<br \/>\n<strong>\ud83d\udd34\u00a0PROWADZ\u0104CA<\/strong><br \/>\n<strong>Kasia Szopa-Szeliga, <\/strong>nauczycielka jogi, radosny duch, nerd.<br \/>\nWierzy, \u017ce joga jest dla ka\u017cdego a ruch i \u015bmiech potrafi\u0105 dzia\u0142a\u0107 cuda \ud83d\ude42<\/p>\n<p><strong>Zabierz mat\u0119, dres i co\u015b ciep\u0142ego.<\/strong><\/p>\n<p>Zapraszam serdecznie,<br \/>\nKasia<\/p>\n","protected":false},"excerpt":{"rendered":"<p><strong>Czujesz zm\u0119czenie?<br \/>\nPrzebod\u017acowanie?<br \/>\nWiecznie \u201eogarniasz\u201d wszystko i wszystkich?<\/strong><\/p>\n<p>To my mamy co\u015b dla Ciebie &#8211; dwa dni bez bycia superbohaterem.<\/p>\n<p><strong>Weekend z jog\u0105 dla zwyk\u0142ych cia\u0142 i prawdziwych ludzi.<\/strong><\/p>\n<p>\ud83d\udccd Z ruchem, kt\u00f3ry wspiera, wzmacnia i przywraca Ci\u0119 do cia\u0142a.<br \/>\n\ud83d\udccd Mo\u017cesz znowu si\u0119 zatrzyma\u0107 &#8211; poczu\u0107 stopy na ziemi, oddech w klatce, siebie w \u015brodku tego wszystkiego.<br \/>\n\ud83d\udccd Z prostym, dobrym jedzeniem, porann\u0105 kaw\u0105, wsp\u00f3lnym \u015bmiechem i cisz\u0105, kt\u00f3rej cz\u0119sto nam brakuje.<\/p>\n<p>\u27a1\u00a0Nigdy nie by\u0142e\u015b na wyje\u017adzie jogowym?<br \/>\nTo dobry moment, \u017ceby spr\u00f3bowa\u0107 i zobaczy\u0107, jak weekend z jog\u0105 mo\u017ce wp\u0142yn\u0105\u0107 na Twoje samopoczucie.<br \/>\n\u27a1 By\u0142e\u015b ju\u017c na weekendzie z jog\u0105?<br \/>\nTo te\u017c dla Ciebie. Ju\u017c wiesz, jak dobrze sp\u0119dzisz czas. A za ka\u017cdym razem mo\u017cna do\u015bwiadczy\u0107 jeszcze czego\u015b nowego.<\/p>\n<p>Z\u0142ap oddech na wiosn\u0119.<br \/>\nZresetuj si\u0119.<br \/>\nOdpocznij.<\/p>\n<p><strong>Dwa dni tylko dla Ciebie &#8211; \u017ceby przypomnie\u0107 sobie, \u017ce cia\u0142o to nie tylko narz\u0119dzie do przetrwania tygodnia.<br \/>\nZr\u00f3b przerw\u0119. Przyjed\u017a w dresie z liceum!<\/strong><\/p>\n<p>Zapraszamy!<\/p>\n","protected":false},"featured_media":6917,"template":"","meta":{"site-sidebar-layout":"default","site-content-layout":"","ast-site-content-layout":"default","site-content-style":"default","site-sidebar-style":"default","ast-global-header-display":"","ast-banner-title-visibility":"","ast-main-header-display":"","ast-hfb-above-header-display":"","ast-hfb-below-header-display":"","ast-hfb-mobile-header-display":"","site-post-title":"","ast-breadcrumbs-content":"","ast-featured-img":"","footer-sml-layout":"","ast-disable-related-posts":"","theme-transparent-header-meta":"default","adv-header-id-meta":"","stick-header-meta":"","header-above-stick-meta":"","header-main-stick-meta":"","header-below-stick-meta":"","astra-migrate-meta-layouts":"set","ast-page-background-enabled":"default","ast-page-background-meta":{"desktop":{"background-color":"","background-image":"","background-repeat":"repeat","background-position":"center center","background-size":"auto","background-attachment":"scroll","background-type":"","background-media":"","overlay-type":"","overlay-color":"","overlay-opacity":"","overlay-gradient":""},"tablet":{"background-color":"","background-image":"","background-repeat":"repeat","background-position":"center center","background-size":"auto","background-attachment":"scroll","background-type":"","background-media":"","overlay-type":"","overlay-color":"","overlay-opacity":"","overlay-gradient":""},"mobile":{"background-color":"","background-image":"","background-repeat":"repeat","background-position":"center center","background-size":"auto","background-attachment":"scroll","background-type":"","background-media":"","overlay-type":"","overlay-color":"","overlay-opacity":"","overlay-gradient":""}},"ast-content-background-meta":{"desktop":{"background-color":"var(--ast-global-color-5)","background-image":"","background-repeat":"repeat","background-position":"center center","background-size":"auto","background-attachment":"scroll","background-type":"","background-media":"","overlay-type":"","overlay-color":"","overlay-opacity":"","overlay-gradient":""},"tablet":{"background-color":"var(--ast-global-color-5)","background-image":"","background-repeat":"repeat","background-position":"center center","background-size":"auto","background-attachment":"scroll","background-type":"","background-media":"","overlay-type":"","overlay-color":"","overlay-opacity":"","overlay-gradient":""},"mobile":{"background-color":"var(--ast-global-color-5)","background-image":"","background-repeat":"repeat","background-position":"center center","background-size":"auto","background-attachment":"scroll","background-type":"","background-media":"","overlay-type":"","overlay-color":"","overlay-opacity":"","overlay-gradient":""}}},"product_brand":[],"product_cat":[35],"product_tag":[],"class_list":{"0":"post-6874","1":"product","2":"type-product","3":"status-publish","4":"has-post-thumbnail","6":"product_cat-wyjazdy","7":"desktop-align-left","8":"tablet-align-left","9":"mobile-align-left","10":"ast-product-gallery-layout-horizontal","11":"ast-product-gallery-with-no-image","12":"ast-product-tabs-layout-horizontal","14":"first","15":"instock","16":"shipping-taxable","17":"purchasable","18":"product-type-simple"},"_links":{"self":[{"href":"https:\/\/karmajoga.pl\/zapisy\/wp-json\/wp\/v2\/product\/6874","targetHints":{"allow":["GET"]}}],"collection":[{"href":"https:\/\/karmajoga.pl\/zapisy\/wp-json\/wp\/v2\/product"}],"about":[{"href":"https:\/\/karmajoga.pl\/zapisy\/wp-json\/wp\/v2\/types\/product"}],"wp:featuredmedia":[{"embeddable":true,"href":"https:\/\/karmajoga.pl\/zapisy\/wp-json\/wp\/v2\/media\/6917"}],"wp:attachment":[{"href":"https:\/\/karmajoga.pl\/zapisy\/wp-json\/wp\/v2\/media?parent=6874"}],"wp:term":[{"taxonomy":"product_brand","embeddable":true,"href":"https:\/\/karmajoga.pl\/zapisy\/wp-json\/wp\/v2\/product_brand?post=6874"},{"taxonomy":"product_cat","embeddable":true,"href":"https:\/\/karmajoga.pl\/zapisy\/wp-json\/wp\/v2\/product_cat?post=6874"},{"taxonomy":"product_tag","embeddable":true,"href":"https:\/\/karmajoga.pl\/zapisy\/wp-json\/wp\/v2\/product_tag?post=6874"}],"curies":[{"name":"wp","href":"https:\/\/api.w.org\/{rel}","templated":true}]}}