{"id":7140,"date":"2026-02-26T16:09:05","date_gmt":"2026-02-26T15:09:05","guid":{"rendered":"https:\/\/karmajoga.pl\/zapisy\/?post_type=product&#038;p=7140"},"modified":"2026-04-27T14:20:56","modified_gmt":"2026-04-27T12:20:56","slug":"carrie-owerko-the-joy-of-movement","status":"publish","type":"product","link":"https:\/\/karmajoga.pl\/zapisy\/produkt\/carrie-owerko-the-joy-of-movement\/","title":{"rendered":"The Joy of Movement. Rado\u015b\u0107 ruchu &#8211; Carrie Owerko w Polsce!"},"content":{"rendered":"<p>Warsztat jest otwarty dla os\u00f3b na ka\u017cdym poziomie i z ka\u017cdego \u015brodowiska. Czasem w\u0142\u0105czymy muzyk\u0119, wykorzystamy proste pomoce i przestrze\u0144, w jakiej odb\u0119dzie si\u0119 warsztat.<br \/>\nTo b\u0119dzie czas przeznaczony praktyce niemniej, ni\u017c odpoczynkowi i zabawie. \u015awi\u0119towaniu rado\u015bci, lekko\u015b\u0107 i tego, jak ruch naprawd\u0119 nas wszystkich jednoczy!<\/p>\n<p>\ud83d\udd34 <strong>TERMIN<\/strong><br \/>\n27-28 czerwca 2026<br \/>\npi\u0105tek: 16.00-17.30 dodatkowe spotkanie przy herbacie &#8211; sesja pyta\u0144 i odpowiedzi w KarmaJodze &#8211; zapraszamy ch\u0119tnych! Rozmowa b\u0119dzie nagrana \ud83d\ude42<br \/>\nsobota: 14.30 &#8211; 19.30 z 45 minutow\u0105 przerw\u0105<br \/>\nniedziela: 10.00-15.00 z 45 minutow\u0105 przerw\u0105<br \/>\n\ud83d\udd34 <strong>CENA<\/strong><br \/>\n700 z\u0142 przy zapisie do 30 kwietnia 2026<br \/>\n750 z\u0142 przy zapisie po 30 kwietnia 2026<br \/>\n\ud83d\udd34 <strong>ZAPISY<\/strong><br \/>\nForm\u0105 zapisu jest dokonanie pierwszej wp\u0142aty w wysoko\u015bci 150 z\u0142 za po\u015brednictwem tej strony. Dodaj produkt do koszyka i post\u0119puj zgodnie z instrukcjami. Reszt\u0119 kwoty op\u0142acasz w dniu warsztatu na miejscu.<br \/>\n* Rezygnacja z warsztatu 7 lub mniej dni przed wydarzeniem wi\u0105\u017ce si\u0119 z pokryciem ca\u0142ej kwoty.<br \/>\n* Pierwsza wp\u0142ata jest bezzwrotna.<br \/>\n* Je\u015bli chcesz otrzyma\u0107 faktur\u0119, zostaw komentarz z danymi.<br \/>\n\ud83d\udd34 <strong>MIEJSCE<\/strong><br \/>\nHala Sportowa przy Basenie Zadole,<br \/>\nKatowice, ul. Wczasowa 8A<\/p>\n<p>Warsztat b\u0119dzie t\u0142umaczony na j\u0119zyk polski przez Natasz\u0119 Moszkowicz.<\/p>\n<p>\ud83d\udd34 <strong>PROWADZ\u0104CA<\/strong><br \/>\n<strong>Carrie Owerko<\/strong> &#8211; ruchowa optymistka, edukatorka ruchu i ceniona nauczycielka jogi, z szerokim mi\u0119dzynarodowym gronem odbiorc\u00f3w.<br \/>\nPodr\u00f3\u017cowa\u0142a po ca\u0142ym \u015bwiecie, dziel\u0105c si\u0119 swoim unikalnym interdyscyplinarnym podej\u015bciem, kt\u00f3re splata nauk\u0119 o ruchu z wieloletnimi studiami jogi w lekk\u0105 i przyjazn\u0105 metod\u0119 uczenia si\u0119. Carrie stworzy\u0142a seri\u0119 bestsellerowych kurs\u00f3w online dla Yoga Journal i jest autork\u0105 wielu publikacji. W czasie pandemii Covid-19 za\u0142o\u017cy\u0142a The Playground \u2013 wirtualne studio i bibliotek\u0119 nagra\u0144, kt\u00f3re nie przestaje si\u0119 rozwija\u0107. Tu dzieli si\u0119 z uczniami swoim inteligentnym i ewoluuj\u0105cym podej\u015bciem do ruchu &#8211; w jodze i w ta\u0144cu, kt\u00f3ry jest jej wielk\u0105 pasj\u0105.<\/p>\n<p>Posiada BFA w dziedzinie ta\u0144ca i teatru, jest absolwentk\u0105 Neighborhood Playhouse Theater School w Nowym Jorku oraz The Laban\/Bartenieff Institute of Movement Studies. Spo\u015br\u00f3d rozlicznych kwalifikacji jest tak\u017ce Certyfikowan\u0105 Analityczk\u0105 Ruchu (CMA) i specjalistk\u0105 Functional Range Conditioning Mobility. Przez lata dzia\u0142aj\u0105ca w jodze Iyengara na poziomie Senior II Intermediate.<\/p>\n<p><strong>CZEKAMY NA CIEBIE!<br \/>\n<\/strong>&#8212;&#8212;&#8212;&#8212;&#8212;&#8212;&#8211;<em><br \/>\n<\/em>This workshop is open to people of all levels and backgrounds. We will incorporate music at times, use props in simple ways, and take advantage of the beautiful space where the workshop will be held. There will be time for practice, play and relaxation.<br \/>\nLet&#8217;s celebrate the joy of movement, the ease of playful practice, and the way that movement truly unites us all!<em><br \/>\n<\/em><\/p>\n<p>\ud83d\udd34 <strong>DATES<\/strong><br \/>\nJune 27-28, 2026<br \/>\nFriday: 4:00 PM &#8211; 5:30 PM <em>Q&amp;A at KarmaJoga (ul. Graniczna 29, Katowice) \/The conversation will be recorded.\/<\/em><br \/>\nSaturday: 2:30 PM &#8211; 7:30 PM <em>(with a 30-minute break)<\/em><br \/>\nSunday: 10:00 AM &#8211; 3:00 PM <em>(with a 30-minute break)<\/em><br \/>\n\ud83d\udd34 <strong>PRICE<\/strong><br \/>\nPLN 700 (registration by April 30, 2026)<br \/>\nPLN 750 (registration after April 30, 2026)<br \/>\n\ud83d\udd34 <strong>REGISTRATION<\/strong><br \/>\nRegistration is completed by making a payment of PLN 150 via this website. Add the product to your cart and follow the instructions.<br \/>\nThe remaining balance is payable on-site on the day of the workshop.<br \/>\n*Cancelling participation in the workshop 7 or less days before the event will result in the full fee.<br \/>\n*The initial payment is non-refundable. * If you would like to receive an invoice, please leave a comment with your details.<br \/>\n\ud83d\udd34 <strong>LOCATION<\/strong><br \/>\nSports Hall at the Zadole Swimming Pool,<br \/>\nKatowice, Wczasowa Street 8A<\/p>\n<p><strong>\ud83d\udd34 Carrie Owerko<\/strong> is a movement optimist, renowned yoga and movement teacher with a vast international following, having travelled throughout Europe, Asia, Australia, and North and South America to share her unique interdisciplinary approach, which weaves movement and exercise science principles, dance and a playful approach to learning into her decades-long study of yoga.<br \/>\nCarrie created a series of best-selling online courses for Yoga Journal and has been featured in multiple publications. Carrie founded The Playground, a virtual studio and library during the Covid 19 Pandemic and it is still going and growing strong. There she imparts her intelligent, playful, and evolving approach to yoga and movement, and even dance (her passion) with students globally. She holds BFA in Dance and Theater and is a graduate of the Neighborhood Playhouse Theater School in NYC, as well as The Laban\/Bartenieff Institute of Movement Studies in New York. She is a Certified Movement Analyst (CMA), Functional Range Conditioning Mobility Specialist, among other certifications. She held a senior level teaching credential in Iyengar yoga for many years.<\/p>\n<p><strong>JOIN US!<\/strong><\/p>\n","protected":false},"excerpt":{"rendered":"<p><strong>Ruszanie si\u0119 jest wyrazem mi\u0142o\u015bci do cia\u0142a.<\/strong> W tej praktyce powiemy \u201etak\u201d ciekawo\u015bci, zabawie i eksplorowaniu mo\u017cliwo\u015bci ruchu. Skorzystamy z jogicznych form i dzia\u0142a\u0144 somatycznych, jakie towarzysz\u0105 nam w \u017cyciu, wspieraj\u0105c kondycj\u0119 m\u00f3zgu i emocjonalny dobrostan, w tym z ta\u0144ca.<br \/>\n&#8212;&#8212;&#8212;&#8212;&#8212;&#8212;&#8211;<br \/>\n<strong>To move your body is to love your body!<\/strong> In this workshop we will say yes to curiosity, playful practice and the exploration of more movement options. We will explore somatic practices, dance, yoga, and the kind of movement practices that travel with us through life and help nourish body, brain and emotional well-being.<\/p>\n","protected":false},"featured_media":7180,"template":"","meta":{"site-sidebar-layout":"default","site-content-layout":"","ast-site-content-layout":"default","site-content-style":"default","site-sidebar-style":"default","ast-global-header-display":"","ast-banner-title-visibility":"","ast-main-header-display":"","ast-hfb-above-header-display":"","ast-hfb-below-header-display":"","ast-hfb-mobile-header-display":"","site-post-title":"","ast-breadcrumbs-content":"","ast-featured-img":"","footer-sml-layout":"","ast-disable-related-posts":"","theme-transparent-header-meta":"default","adv-header-id-meta":"","stick-header-meta":"","header-above-stick-meta":"","header-main-stick-meta":"","header-below-stick-meta":"","astra-migrate-meta-layouts":"set","ast-page-background-enabled":"default","ast-page-background-meta":{"desktop":{"background-color":"","background-image":"","background-repeat":"repeat","background-position":"center center","background-size":"auto","background-attachment":"scroll","background-type":"","background-media":"","overlay-type":"","overlay-color":"","overlay-opacity":"","overlay-gradient":""},"tablet":{"background-color":"","background-image":"","background-repeat":"repeat","background-position":"center center","background-size":"auto","background-attachment":"scroll","background-type":"","background-media":"","overlay-type":"","overlay-color":"","overlay-opacity":"","overlay-gradient":""},"mobile":{"background-color":"","background-image":"","background-repeat":"repeat","background-position":"center center","background-size":"auto","background-attachment":"scroll","background-type":"","background-media":"","overlay-type":"","overlay-color":"","overlay-opacity":"","overlay-gradient":""}},"ast-content-background-meta":{"desktop":{"background-color":"var(--ast-global-color-5)","background-image":"","background-repeat":"repeat","background-position":"center center","background-size":"auto","background-attachment":"scroll","background-type":"","background-media":"","overlay-type":"","overlay-color":"","overlay-opacity":"","overlay-gradient":""},"tablet":{"background-color":"var(--ast-global-color-5)","background-image":"","background-repeat":"repeat","background-position":"center center","background-size":"auto","background-attachment":"scroll","background-type":"","background-media":"","overlay-type":"","overlay-color":"","overlay-opacity":"","overlay-gradient":""},"mobile":{"background-color":"var(--ast-global-color-5)","background-image":"","background-repeat":"repeat","background-position":"center center","background-size":"auto","background-attachment":"scroll","background-type":"","background-media":"","overlay-type":"","overlay-color":"","overlay-opacity":"","overlay-gradient":""}}},"product_brand":[],"product_cat":[32],"product_tag":[],"class_list":{"0":"post-7140","1":"product","2":"type-product","3":"status-publish","4":"has-post-thumbnail","6":"product_cat-warsztaty","7":"desktop-align-left","8":"tablet-align-left","9":"mobile-align-left","10":"ast-product-gallery-layout-horizontal","11":"ast-product-gallery-with-no-image","12":"ast-product-tabs-layout-horizontal","14":"first","15":"instock","16":"shipping-taxable","17":"purchasable","18":"product-type-simple"},"_links":{"self":[{"href":"https:\/\/karmajoga.pl\/zapisy\/wp-json\/wp\/v2\/product\/7140","targetHints":{"allow":["GET"]}}],"collection":[{"href":"https:\/\/karmajoga.pl\/zapisy\/wp-json\/wp\/v2\/product"}],"about":[{"href":"https:\/\/karmajoga.pl\/zapisy\/wp-json\/wp\/v2\/types\/product"}],"wp:featuredmedia":[{"embeddable":true,"href":"https:\/\/karmajoga.pl\/zapisy\/wp-json\/wp\/v2\/media\/7180"}],"wp:attachment":[{"href":"https:\/\/karmajoga.pl\/zapisy\/wp-json\/wp\/v2\/media?parent=7140"}],"wp:term":[{"taxonomy":"product_brand","embeddable":true,"href":"https:\/\/karmajoga.pl\/zapisy\/wp-json\/wp\/v2\/product_brand?post=7140"},{"taxonomy":"product_cat","embeddable":true,"href":"https:\/\/karmajoga.pl\/zapisy\/wp-json\/wp\/v2\/product_cat?post=7140"},{"taxonomy":"product_tag","embeddable":true,"href":"https:\/\/karmajoga.pl\/zapisy\/wp-json\/wp\/v2\/product_tag?post=7140"}],"curies":[{"name":"wp","href":"https:\/\/api.w.org\/{rel}","templated":true}]}}