{"id":7245,"date":"2026-04-09T16:07:11","date_gmt":"2026-04-09T14:07:11","guid":{"rendered":"https:\/\/karmajoga.pl\/zapisy\/?post_type=product&#038;p=7245"},"modified":"2026-04-09T16:22:43","modified_gmt":"2026-04-09T14:22:43","slug":"spotkanie-w-jodze","status":"publish","type":"product","link":"https:\/\/karmajoga.pl\/zapisy\/produkt\/spotkanie-w-jodze\/","title":{"rendered":"Spotkanie w jodze \u2014 pog\u0142\u0119biona praktyka z Natasz\u0105 Moszkowicz."},"content":{"rendered":"<p>Zapraszamy osoby praktykuj\u0105ce regularnie od co najmniej 6 miesi\u0119cy.<br \/>\n<strong>\ud83d\udd34<\/strong> <strong>TERMIN<\/strong><br \/>\n6 maja | 9:30\u201311:30<br \/>\n<strong>\ud83d\udd34CENA<\/strong><br \/>\n&#8211; 200 z\u0142<br \/>\n&#8211; 150 z\u0142 &#8211; dla grupy porannej w \u015brody<br \/>\n<strong>\ud83d\udd34 ZAPISY<\/strong><br \/>\nZapisz si\u0119 za pomoc\u0105 tej strony. Dodaj produkt do koszyka i post\u0119puj zgodnie ze wskaz\u00f3wkami. Po dokonaniu p\u0142atno\u015bci, masz zarezerwowane miejsce.<br \/>\n* Wp\u0142ata jest zwrotna do 7 dni przed zaj\u0119ciami.<br \/>\n* Mamy 10 wolnych miejsc.<br \/>\n<strong>\ud83d\udd34 PROWADZ\u0104CA<\/strong><br \/>\nNatasza Moszkowicz: <a href=\"https:\/\/nataszamoszkowicz.com\/\">https:\/\/nataszamoszkowicz.com\/<\/a><br \/>\n<strong>Kolejna okazja do praktyki z Natasz\u0105 w KarmaJodze dopiero jesieni\u0105 &#8211; z\u0142ap ten majowy moment i do\u0142\u0105cz do nas.<\/strong><br \/>\nDo zobaczenia,<br \/>\nOla i Zesp\u00f3\u0142 KarmaJogi<\/p>\n","protected":false},"excerpt":{"rendered":"<p>Natasza Moszkowicz ponownie w KarmaJodze! Jak co roku przyje\u017cd\u017ca do nas, by wsp\u00f3lnie wej\u015b\u0107 g\u0142\u0119biej w praktyk\u0119. To zawsze dobry czas &#8211; pe\u0142en inspiracji, \u015bwie\u017cego spojrzenia i wychodzenia poza utarte schematy. Od\u017cywczy ruch.<br \/>\nZapraszamy na sesj\u0119 pog\u0142\u0119bion\u0105, w kt\u00f3rej nie pod\u0105\u017camy za z g\u00f3ry ustalonym tematem.<br \/>\nPozwalamy, by praktyka rozwija\u0142a si\u0119 organicznie, od asany do pranayamy i od pranajamy do asany &#8211; w odpowiedzi na to, co si\u0119 pojawia.<br \/>\nTo przestrze\u0144 wsp\u00f3lnego procesu i bycia w praktyce razem.<\/p>\n","protected":false},"featured_media":7248,"template":"","meta":{"site-sidebar-layout":"default","site-content-layout":"","ast-site-content-layout":"default","site-content-style":"default","site-sidebar-style":"default","ast-global-header-display":"","ast-banner-title-visibility":"","ast-main-header-display":"","ast-hfb-above-header-display":"","ast-hfb-below-header-display":"","ast-hfb-mobile-header-display":"","site-post-title":"","ast-breadcrumbs-content":"","ast-featured-img":"","footer-sml-layout":"","ast-disable-related-posts":"","theme-transparent-header-meta":"default","adv-header-id-meta":"","stick-header-meta":"","header-above-stick-meta":"","header-main-stick-meta":"","header-below-stick-meta":"","astra-migrate-meta-layouts":"set","ast-page-background-enabled":"default","ast-page-background-meta":{"desktop":{"background-color":"","background-image":"","background-repeat":"repeat","background-position":"center center","background-size":"auto","background-attachment":"scroll","background-type":"","background-media":"","overlay-type":"","overlay-color":"","overlay-opacity":"","overlay-gradient":""},"tablet":{"background-color":"","background-image":"","background-repeat":"repeat","background-position":"center center","background-size":"auto","background-attachment":"scroll","background-type":"","background-media":"","overlay-type":"","overlay-color":"","overlay-opacity":"","overlay-gradient":""},"mobile":{"background-color":"","background-image":"","background-repeat":"repeat","background-position":"center center","background-size":"auto","background-attachment":"scroll","background-type":"","background-media":"","overlay-type":"","overlay-color":"","overlay-opacity":"","overlay-gradient":""}},"ast-content-background-meta":{"desktop":{"background-color":"var(--ast-global-color-5)","background-image":"","background-repeat":"repeat","background-position":"center center","background-size":"auto","background-attachment":"scroll","background-type":"","background-media":"","overlay-type":"","overlay-color":"","overlay-opacity":"","overlay-gradient":""},"tablet":{"background-color":"var(--ast-global-color-5)","background-image":"","background-repeat":"repeat","background-position":"center center","background-size":"auto","background-attachment":"scroll","background-type":"","background-media":"","overlay-type":"","overlay-color":"","overlay-opacity":"","overlay-gradient":""},"mobile":{"background-color":"var(--ast-global-color-5)","background-image":"","background-repeat":"repeat","background-position":"center center","background-size":"auto","background-attachment":"scroll","background-type":"","background-media":"","overlay-type":"","overlay-color":"","overlay-opacity":"","overlay-gradient":""}}},"product_brand":[],"product_cat":[32],"product_tag":[],"class_list":{"0":"post-7245","1":"product","2":"type-product","3":"status-publish","4":"has-post-thumbnail","6":"product_cat-warsztaty","7":"desktop-align-left","8":"tablet-align-left","9":"mobile-align-left","10":"ast-product-gallery-layout-horizontal","11":"ast-product-gallery-with-no-image","12":"ast-product-tabs-layout-horizontal","14":"first","15":"instock","16":"shipping-taxable","17":"purchasable","18":"product-type-simple"},"_links":{"self":[{"href":"https:\/\/karmajoga.pl\/zapisy\/wp-json\/wp\/v2\/product\/7245","targetHints":{"allow":["GET"]}}],"collection":[{"href":"https:\/\/karmajoga.pl\/zapisy\/wp-json\/wp\/v2\/product"}],"about":[{"href":"https:\/\/karmajoga.pl\/zapisy\/wp-json\/wp\/v2\/types\/product"}],"wp:featuredmedia":[{"embeddable":true,"href":"https:\/\/karmajoga.pl\/zapisy\/wp-json\/wp\/v2\/media\/7248"}],"wp:attachment":[{"href":"https:\/\/karmajoga.pl\/zapisy\/wp-json\/wp\/v2\/media?parent=7245"}],"wp:term":[{"taxonomy":"product_brand","embeddable":true,"href":"https:\/\/karmajoga.pl\/zapisy\/wp-json\/wp\/v2\/product_brand?post=7245"},{"taxonomy":"product_cat","embeddable":true,"href":"https:\/\/karmajoga.pl\/zapisy\/wp-json\/wp\/v2\/product_cat?post=7245"},{"taxonomy":"product_tag","embeddable":true,"href":"https:\/\/karmajoga.pl\/zapisy\/wp-json\/wp\/v2\/product_tag?post=7245"}],"curies":[{"name":"wp","href":"https:\/\/api.w.org\/{rel}","templated":true}]}}